{"id":23,"date":"2021-08-25T20:24:40","date_gmt":"2021-08-25T18:24:40","guid":{"rendered":"https:\/\/www.m-site.cz\/?page_id=23"},"modified":"2024-09-30T14:52:59","modified_gmt":"2024-09-30T12:52:59","slug":"objednani","status":"publish","type":"page","link":"https:\/\/www.m-site.cz\/?page_id=23","title":{"rendered":"kontakt"},"content":{"rendered":"\n    \n    <section class=\"u-align-left u-clearfix u-image u-shading u-section-2\" id=\"sec-9296\" data-image-width=\"1280\" data-image-height=\"851\">\n      <div class=\"u-clearfix u-sheet u-valign-middle-lg u-valign-middle-md u-valign-middle-sm u-valign-middle-xs u-sheet-1\">\n        <h3 class=\"u-align-left u-text u-text-default u-text-1\">m-site s.r.o<\/h3>\n        <h3 class=\"u-align-left u-text u-text-2\">KONTAKTY<\/h3>\n      <\/div>\n    <\/section>\n    <section class=\"u-clearfix u-section-3\" id=\"sec-0a84\">\n      <div class=\"u-clearfix u-sheet u-sheet-1\">\n        <div class=\"u-clearfix u-gutter-32 u-layout-wrap u-layout-wrap-1\">\n          <div class=\"u-layout\">\n            <div class=\"u-layout-row\">\n              <div class=\"u-container-style u-grey-5 u-layout-cell u-radius-50 u-shape-round u-size-30 u-layout-cell-1\">\n                <div class=\"u-container-layout u-valign-bottom-xs u-valign-top-sm u-container-layout-1\">\n                  <h3 class=\"u-align-center u-text u-text-custom-color-9 u-text-1\">Kontakty:<\/h3>\n                  <p class=\"u-align-left u-text u-text-default u-text-2\">I\u010c:&nbsp;<br>DI\u010c:<br>\u010d.\u00fa.:<br>Jednatel:<br>Telefon:<br>\n                    <br>tech. podpora<br>fakturace:<br>Email:&nbsp;<br>Licence:&nbsp;\n                  <\/p>\n                  <p class=\"u-align-left u-text u-text-default u-text-3\">05822360<br>CZ05822360<br>2901164407\/2010<br>V\u00e1clav Hynek<br>\n                    <a href=\"tel:736414671\" class=\"u-active-none u-border-none u-btn u-button-link u-button-style u-hover-none u-none u-text-palette-1-base u-btn-1\">736 414 671<\/a>\n                    <br>\n                    <br>\n                    <a href=\"tel:702 260 819\" class=\"u-active-none u-border-none u-btn u-button-link u-button-style u-hover-none u-none u-text-palette-1-base u-btn-2\">702 260 819<br>\n                    <\/a>\n                    <a href=\"tel:603700228\" class=\"u-active-none u-border-none u-btn u-button-link u-button-style u-hover-none u-none u-text-palette-1-base u-btn-3\">603 700 228<\/a>\n                    <br>\n                    <a href=\"mailto:info@m-site.cz\" class=\"u-active-none u-border-none u-btn u-button-link u-button-style u-hover-none u-none u-text-palette-4-dark-1 u-btn-4\">info@m-site.cz<\/a>\n                    <br>\n                    <a href=\"https:\/\/www.m-site.cz\/wp-content\/uploads\/2021\/08\/cest.prohlaseni1.jpg\" class=\"u-active-none u-border-none u-btn u-button-link u-button-style u-file-link u-hover-none u-none u-text-palette-4-dark-1 u-btn-5\">licence \u010cTU<\/a>\n                    <br>\n                    <br>\n                  <\/p>\n                <\/div>\n              <\/div>\n              <div class=\"u-container-style u-grey-10 u-layout-cell u-opacity u-opacity-40 u-radius-29 u-shape-round u-size-30 u-layout-cell-2\">\n                <div class=\"u-container-layout u-valign-middle u-container-layout-2\">\n                  <h3 class=\"u-text u-text-custom-color-9 u-text-default u-text-4\">S\u00eddlo firmy:<\/h3>\n                  <p class=\"u-text u-text-5\">Lochenice 20<br>50302\n                  <\/p>\n                  <h3 class=\"u-text u-text-custom-color-9 u-text-6\">pracovn\u00ed doba:<\/h3>\n                  <p class=\"u-text u-text-7\">Pond\u011bl\u00ed \u2013 Ned\u011ble 8 \u2013 22hod&nbsp;<\/p>\n                <\/div>\n              <\/div>\n            <\/div>\n          <\/div>\n        <\/div>\n      <\/div>\n    <\/section>\n    <section class=\"u-clearfix u-section-4\" id=\"sec-1463\">\n      <div class=\"u-clearfix u-sheet u-sheet-1\"><\/div>\n    <\/section>\n    \n    \n    \n  \n","protected":false},"excerpt":{"rendered":"<p>m-site s.r.o KONTAKTY Kontakty: I\u010c:&nbsp;DI\u010c:\u010d.\u00fa.:Jednatel:Telefon: tech. podporafakturace:Email:&nbsp;Licence:&nbsp; 05822360CZ058223602901164407\/2010V\u00e1clav Hynek 736 414 671 702 260 819 603 700 228 info@m-site.cz licence \u010cTU S\u00eddlo firmy: Lochenice 2050302 pracovn\u00ed doba: Pond\u011bl\u00ed \u2013 Ned\u011ble 8 \u2013 22hod&nbsp;<\/p>\n","protected":false},"author":1,"featured_media":0,"parent":0,"menu_order":1,"comment_status":"closed","ping_status":"closed","template":"","meta":{"footnotes":""},"class_list":["post-23","page","type-page","status-publish","hentry"],"_links":{"self":[{"href":"https:\/\/www.m-site.cz\/index.php?rest_route=\/wp\/v2\/pages\/23","targetHints":{"allow":["GET"]}}],"collection":[{"href":"https:\/\/www.m-site.cz\/index.php?rest_route=\/wp\/v2\/pages"}],"about":[{"href":"https:\/\/www.m-site.cz\/index.php?rest_route=\/wp\/v2\/types\/page"}],"author":[{"embeddable":true,"href":"https:\/\/www.m-site.cz\/index.php?rest_route=\/wp\/v2\/users\/1"}],"replies":[{"embeddable":true,"href":"https:\/\/www.m-site.cz\/index.php?rest_route=%2Fwp%2Fv2%2Fcomments&post=23"}],"version-history":[{"count":20,"href":"https:\/\/www.m-site.cz\/index.php?rest_route=\/wp\/v2\/pages\/23\/revisions"}],"predecessor-version":[{"id":260,"href":"https:\/\/www.m-site.cz\/index.php?rest_route=\/wp\/v2\/pages\/23\/revisions\/260"}],"wp:attachment":[{"href":"https:\/\/www.m-site.cz\/index.php?rest_route=%2Fwp%2Fv2%2Fmedia&parent=23"}],"curies":[{"name":"wp","href":"https:\/\/api.w.org\/{rel}","templated":true}]}}