{"id":24,"date":"2021-08-25T20:24:41","date_gmt":"2021-08-25T18:24:41","guid":{"rendered":"https:\/\/www.m-site.cz\/?page_id=24"},"modified":"2023-06-02T14:36:50","modified_gmt":"2023-06-02T12:36:50","slug":"home","status":"publish","type":"page","link":"https:\/\/www.m-site.cz\/","title":{"rendered":"home"},"content":{"rendered":"\n    \n    <section class=\"u-align-center u-clearfix u-image u-section-2\" id=\"carousel_49eb\" data-image-width=\"1900\" data-image-height=\"1086\">\n      <div class=\"u-clearfix u-sheet u-sheet-1\">\n        <div class=\"u-clearfix u-expanded-width u-gutter-14 u-layout-wrap u-layout-wrap-1\">\n          <div class=\"u-layout\">\n            <div class=\"u-layout-row\">\n              <div class=\"u-container-style u-expand-resize u-layout-cell u-left-cell u-size-38 u-layout-cell-1\">\n                <div class=\"u-container-layout u-container-layout-1\"><\/div>\n              <\/div>\n              <div class=\"u-align-left u-container-style u-image u-layout-cell u-right-cell u-shading u-size-22 u-image-1\" data-image-width=\"1707\" data-image-height=\"2560\">\n                <div class=\"u-container-layout u-valign-middle-lg u-valign-middle-md u-valign-middle-xl u-container-layout-2\">\n                  <h5 class=\"u-text u-text-palette-1-dark-1 u-text-1\">M-SITE<\/h5>\n                  <h5 class=\"u-text u-text-palette-1-light-1 u-text-2\">BEZDR\u00c1TOV\u00dd INTERNET<\/h5>\n                  <p class=\"u-text u-text-palette-1-light-1 u-text-3\">\n                    <font class=\"u-text-palette-1-dark-1\">BEZ OMEZEN\u00cd<\/font>\n                    <br>\n                  <\/p>\n                  <a href=\"https:\/\/www.m-site.cz\/?page_id=23\" class=\"u-btn u-btn-round u-button-style u-custom-font u-heading-font u-palette-1-light-1 u-radius-30 u-text-body-alt-color u-btn-1\" data-animation-name=\"fadeIn\" data-animation-duration=\"2000\" data-animation-delay=\"0\" data-animation-direction=\"\">kontakt<\/a>\n                <\/div>\n              <\/div>\n            <\/div>\n          <\/div>\n        <\/div>\n        <div class=\"u-expanded-width-sm u-expanded-width-xs u-list u-repeater u-list-1\">\n          <div class=\"u-align-center u-container-style u-grey-10 u-list-item u-radius-13 u-repeater-item u-shape-round u-list-item-1\">\n            <div class=\"u-container-layout u-similar-container u-container-layout-3\"><span class=\"u-align-center u-icon u-icon-circle u-palette-1-base u-spacing-7 u-icon-1\" data-animation-name=\"fadeIn\" data-animation-duration=\"2000\" data-animation-delay=\"0\" data-animation-direction=\"\">\n            <svg class=\"u-svg-link\" preserveAspectRatio=\"xMidYMin slice\" viewBox=\"0 0 128 128\" style=\"\"><use xlink:href=\"#svg-d181\"><\/use><\/svg>\n            <svg xmlns=\"http:\/\/www.w3.org\/2000\/svg\" xmlns:xlink=\"http:\/\/www.w3.org\/1999\/xlink\" version=\"1.1\" xml:space=\"preserve\" class=\"u-svg-content\" viewBox=\"0 0 128 128\" id=\"svg-d181\"><path d=\"m40.6 11c2.3 0 4.4 0.9 6.1 2.5 5.4 5.4 10.8 19.2 8.9 21.2 0 0-0.3 0.3-1.5 0.3-5.5 0-16.1-5.7-19.5-9.2-3.4-3.4-3.4-8.9 0-12.2 1.5-1.7 3.7-2.6 6-2.6m46.8 0.1c2.2 0 4.4 0.8 6.1 2.4 3.4 3.4 3.4 8.9 0 12.2-3.4 3.5-14 9.2-19.5 9.2-1.1 0-1.5-0.3-1.5-0.3-1.9-1.9 3.5-15.7 8.9-21.2 1.6-1.5 3.8-2.3 6-2.3m32.6 32.1v16h-52v-16h52m-60 0v16h-52v-16h52m52 23.9v47.9h-44v-47.9h44m-52 0v47.9h-44v-47.9h44m-19.4-64.1c-4.4 0-8.6 1.7-11.7 4.9-6.5 6.5-6.5 17 0 23.5 1.2 1.2 2.8 2.5 4.7 3.8h-25.6c-4.4 0-8 3.6-8 8v24h8v55.8h112v-55.9h8v-24c0-4.4-3.6-8-8-8h-25.6c1.9-1.3 3.6-2.6 4.7-3.8 6.5-6.5 6.5-17 0-23.5-3-3-7.3-4.8-11.7-4.8s-8.7 1.7-11.7 4.8c-4.6 4.6-7.8 11.7-8.9 14.5-2.2 5.4-3 9.5-2.5 12.8h-0.5c0.5-3.2-0.4-7.4-2.5-12.8-1.2-2.8-4.3-9.9-8.9-14.5-3.2-3.1-7.4-4.8-11.8-4.8z\"><\/path><\/svg>\n          <\/span>\n              <h3 class=\"u-align-center u-text u-text-4\">MINI<\/h3>\n              <p class=\"u-text u-text-5\">\n                <font class=\"u-text-palette-1-light-1\"><b>170,- K\u010d<\/b>\n                <\/font> m\u011bs\u00ed\u010dn\u011b v\u010detn\u011b DPH <br>Stahov\u00e1n\u00ed dat: <b>\n                  <font class=\"u-text-palette-1-light-1\">3 Mb\/s <\/font><\/b>\n                <br>Odes\u00edl\u00e1n\u00ed dat: <b>\n                  <font class=\"u-text-palette-1-light-1\">0,5 kb\/s <\/font><\/b>\n                <br>Bez FUP <br>Cena instalace od: 1300K\u010d\n              <\/p>\n            <\/div>\n          <\/div>\n          <div class=\"u-align-center u-container-style u-grey-10 u-list-item u-radius-13 u-repeater-item u-shape-round u-list-item-2\">\n            <div class=\"u-container-layout u-similar-container u-container-layout-4\"><span class=\"u-align-center u-icon u-icon-circle u-palette-1-base u-spacing-7 u-icon-2\" data-animation-name=\"fadeIn\" data-animation-duration=\"2000\" data-animation-delay=\"0\" data-animation-direction=\"\">\n            <svg class=\"u-svg-link\" preserveAspectRatio=\"xMidYMin slice\" viewBox=\"0 0 128 128\" style=\"\"><use xlink:href=\"#svg-2323\"><\/use><\/svg>\n            <svg xmlns=\"http:\/\/www.w3.org\/2000\/svg\" xmlns:xlink=\"http:\/\/www.w3.org\/1999\/xlink\" version=\"1.1\" xml:space=\"preserve\" class=\"u-svg-content\" viewBox=\"0 0 128 128\" id=\"svg-2323\"><path d=\"m44.1 63.9h39.8c4.6 0 8.4-3.9 8.4-8.8v-1.8c0-5.6-2.8-10.7-7.3-13.3-2.4-1.4-5.4-2.9-8.8-4.1 2.8-3 4.6-6.9 4.6-11.3-0.1-9.2-7.6-16.6-16.8-16.6s-16.7 7.4-16.7 16.5c0 4.4 1.7 8.4 4.6 11.3-3.4 1.2-6.5 2.7-8.8 4.1-4.5 2.7-7.3 7.7-7.3 13.3v1.8c-0.1 4.9 3.7 8.9 8.3 8.9zm19.9-48c4.8 0 8.7 3.9 8.7 8.6 0 4.8-3.9 8.6-8.7 8.6s-8.7-3.9-8.7-8.6 3.9-8.6 8.7-8.6zm-20.3 37.3c0-2.7 1.3-5.3 3.4-6.5 4-2.3 10.2-5.1 16.9-5.1s12.9 2.8 16.9 5.1c2.1 1.2 3.4 3.8 3.4 6.5v1.8c0 0.6-0.3 0.9-0.4 0.9h-39.8c-0.1 0-0.4-0.3-0.4-0.9v-1.8zm5.5 40.9c-2.4-1.4-5.4-2.9-8.8-4.1 2.8-3 4.6-7 4.6-11.3 0-9.1-7.5-16.5-16.7-16.5s-16.7 7.4-16.7 16.5c0 4.4 1.7 8.4 4.6 11.3-3.4 1.2-6.5 2.7-8.8 4.1-4.6 2.6-7.4 7.7-7.4 13.3v1.8c0 4.9 3.8 8.8 8.4 8.8h39.8c4.6 0 8.4-3.9 8.4-8.8v-1.8c0-5.6-2.8-10.7-7.4-13.3zm-20.9-24.1c4.8 0 8.7 3.9 8.7 8.6 0 4.8-3.9 8.6-8.7 8.6s-8.7-3.9-8.7-8.6 3.9-8.6 8.7-8.6zm20.3 39.2c0 0.6-0.3 0.9-0.4 0.9h-39.8c-0.1 0-0.4-0.3-0.4-0.9v-1.8c0-2.7 1.3-5.3 3.4-6.5 4-2.3 10.2-5.1 16.9-5.1s12.9 2.8 16.9 5.1c2.1 1.2 3.4 3.8 3.4 6.5v1.8zm72.1-15.1c-2.4-1.4-5.4-2.9-8.8-4.1 2.8-3 4.6-6.9 4.6-11.3 0-9.1-7.5-16.5-16.7-16.5s-16.7 7.4-16.7 16.5c-0.1 4.3 1.7 8.3 4.5 11.3-3.4 1.2-6.5 2.7-8.8 4.1-4.5 2.7-7.3 7.7-7.3 13.3v1.8c0 4.9 3.8 8.8 8.4 8.8h39.8c4.6 0 8.4-3.9 8.4-8.8v-1.8c-0.1-5.6-2.9-10.7-7.4-13.3zm-21-24.1c4.8 0 8.7 3.9 8.7 8.6 0 4.8-3.9 8.6-8.7 8.6s-8.7-3.9-8.7-8.6 3.9-8.6 8.7-8.6zm20.3 39.2c0 0.6-0.3 0.9-0.4 0.9h-39.8c-0.1 0-0.4-0.3-0.4-0.9v-1.8c0-2.7 1.3-5.3 3.4-6.5 4-2.3 10.2-5.1 16.9-5.1s12.9 2.8 16.9 5.1c2.1 1.2 3.4 3.8 3.4 6.5v1.8z\"><\/path><\/svg>\n          <\/span>\n              <h3 class=\"u-align-center u-text u-text-6\">START<\/h3>\n              <p class=\"u-text u-text-7\"><b>\n                  <font class=\"u-text-palette-1-light-1\">260,- K\u010d<\/font><\/b> m\u011bs\u00ed\u010dn\u011b v\u010detn\u011b DPH <br>Stahov\u00e1n\u00ed dat: <b>\n                  <font class=\"u-text-palette-1-light-1\">6 Mb\/s <\/font><\/b>\n                <br>Odes\u00edl\u00e1n\u00ed dat:<font class=\"u-text-palette-1-light-1\"><b>1 Mb\/s <\/b>\n                <\/font>\n                <br>Bez FUP <br>P\u0159ipojen\u00ed <b>\n                  <font class=\"u-text-palette-1-light-1\">zdarma<\/font><\/b>\n              <\/p>\n            <\/div>\n          <\/div>\n          <div class=\"u-align-center u-container-style u-custom-background u-list-item u-palette-1-light-3 u-radius-13 u-repeater-item u-shape-round u-list-item-3\">\n            <div class=\"u-container-layout u-similar-container u-container-layout-5\"><span class=\"u-align-center u-icon u-icon-circle u-palette-1-base u-spacing-7 u-icon-3\" data-animation-name=\"fadeIn\" data-animation-duration=\"2000\" data-animation-delay=\"0\" data-animation-direction=\"\">\n            <svg class=\"u-svg-link\" preserveAspectRatio=\"xMidYMin slice\" viewBox=\"0 0 128 128\" style=\"\"><use xlink:href=\"#svg-54aa\"><\/use><\/svg>\n            <svg xmlns=\"http:\/\/www.w3.org\/2000\/svg\" xmlns:xlink=\"http:\/\/www.w3.org\/1999\/xlink\" version=\"1.1\" xml:space=\"preserve\" class=\"u-svg-content\" viewBox=\"0 0 128 128\" id=\"svg-54aa\"><polygon points=\"128 3 17 3 17 24 25 24 25 11 120 11 120 24 111 24 111 32 120 32 120 95 111 95 111 103 128 103\"><\/polygon><path d=\"m25 24h-25v100h111v-100h-86zm78 92h-95v-63h95v63zm0-71h-95v-13h95v13z\"><\/path><path d=\"m46 74v21h-21v-21h21m8-8h-37v37h37v-37z\"><\/path><rect x=\"62\" y=\"66\" width=\"32\" height=\"8\"><\/rect><rect x=\"62\" y=\"81\" width=\"32\" height=\"8\"><\/rect><rect x=\"62\" y=\"95\" width=\"32\" height=\"8\"><\/rect><\/svg>\n          <\/span>\n              <h3 class=\"u-align-center u-text u-text-8\">HOME<\/h3>\n              <p class=\"u-text u-text-9\"><b>\n                  <font class=\"u-text-palette-1-light-1\">330,- K\u010d<\/font><\/b> m\u011bs\u00ed\u010dn\u011b v\u010detn\u011b DPH <br>Stahov\u00e1n\u00ed dat: <font class=\"u-text-palette-1-light-1\"><b>12 Mb\/s <\/b>\n                <\/font>\n                <br>Odes\u00edl\u00e1n\u00ed dat: <font class=\"u-text-palette-1-light-1\"><b>2 Mb\/s <\/b>\n                <\/font>\n                <br>Bez FUP <br>P\u0159ipojen\u00ed <b>\n                  <font class=\"u-text-palette-1-light-1\">zdarma<\/font><\/b>\n                <br>vhodn\u00e9 pro IPTV<br>\n              <\/p>\n            <\/div>\n          <\/div>\n          <div class=\"u-align-center u-container-style u-grey-10 u-list-item u-radius-13 u-repeater-item u-shape-round u-list-item-4\">\n            <div class=\"u-container-layout u-similar-container u-container-layout-6\"><span class=\"u-align-center u-icon u-icon-circle u-palette-1-base u-spacing-7 u-icon-4\" data-animation-name=\"fadeIn\" data-animation-duration=\"2000\" data-animation-delay=\"0\" data-animation-direction=\"\">\n            <svg class=\"u-svg-link\" preserveAspectRatio=\"xMidYMin slice\" viewBox=\"0 0 128 128\" style=\"\"><use xlink:href=\"#svg-4fee\"><\/use><\/svg>\n            <svg xmlns=\"http:\/\/www.w3.org\/2000\/svg\" xmlns:xlink=\"http:\/\/www.w3.org\/1999\/xlink\" version=\"1.1\" xml:space=\"preserve\" class=\"u-svg-content\" viewBox=\"0 0 128 128\" id=\"svg-4fee\"><path d=\"m119.4 104.8-17.8-30.8c1.6-1.3 2.5-3.4 2.4-5.6l-1.3-10.7 7.4-7.6c2.3-2.3 2.4-6.1 0.2-8.8l-7.4-7.9 1.5-10.8c0.3-3.2-2-6.4-5.2-7l-10.7-2.1-5.2-9.4c-1.1-2.2-3.3-3.5-5.8-3.5-0.8 0-1.5 0.1-2.3 0.4l-10.4 4.4-9.6-4.6c-0.9-0.5-1.9-0.7-3-0.7-0.6 0-1.3 0.1-1.9 0.3-1.6 0.5-2.9 1.5-3.8 3l-5.3 9.4-10.7 1.9c-3.4 0.6-5.7 3.7-5.4 7.1l1.3 10.7-7.4 7.6c-2.3 2.3-2.4 6.1-0.2 8.8l7.4 7.9-1.5 10.8c-0.3 2.3 0.8 4.6 2.7 5.9l-17.9 31.3c-0.7 1.1-0.7 2.6-0.1 3.9v0.1l0.1 0.1c0.8 1.2 2 1.9 3.4 1.9h19.2l8.7 14.9c0.8 1.2 2 1.9 3.4 1.9s2.8-0.8 3.5-2l16.6-27.9 16.8 28.3c0.8 1.2 2 1.9 3.4 1.9s2.8-0.8 3.5-2l8.7-15.3h19.2c1.4 0 2.7-0.8 3.4-1.9 0.9-1.1 0.9-2.7 0.1-3.9zm-34.9 11.3-17.9-30.5 7.4 3.6c0.9 0.4 1.8 0.6 2.9 0.6 2.4 0 4.6-1.2 5.7-3.2l5.3-9.4 5.8-1 15.4 26.6h-14.7c-1.4 0-2.8 0.8-3.5 2l-6.4 11.3zm-40-0.3-6.5-11c-0.8-1.2-2-1.9-3.4-1.9h-14.8l15.5-27 5.4 0.9 5.2 9.3c1.1 2.2 3.3 3.5 5.8 3.5 0.8 0 1.5-0.1 2.3-0.4l0.5-0.1 3.9-1.8 1.4 2.4-15.3 26.1zm-11.9-78.1c1.4-1.4 2.1-3.4 1.8-5.3l-1.2-10 10.2-1.8c1.9-0.3 3.6-1.6 4.6-3.2l4.9-8.8 9 4.3c0.9 0.5 1.9 0.7 2.9 0.7s2-0.2 2.9-0.7l9.2-4.1 4.9 9.1c1.1 1.7 2.7 2.9 4.5 3.1l10 1.9-1.4 10c-0.3 1.9 0.3 4 1.7 5.3l6.9 7.3-7 7.1c-1.5 1.4-2.1 3.4-1.8 5.3l1.2 9.9-9.9 1.6c-2 0.3-3.7 1.6-4.6 3.2l-4.9 8.8-9-4.3c-0.9-0.5-1.9-0.7-2.9-0.7s-2 0.2-2.9 0.7l-9.2 4.2-4.9-9c-1.1-1.7-2.8-2.9-4.6-3.1l-10.1-1.8 1.4-10c0.3-1.9-0.3-4-1.7-5.3l-6.8-7.4 6.8-7z\"><\/path><path d=\"m64.5 71c14.7 0 26.6-11.7 26.6-26.2 0-14.4-11.9-26.2-26.6-26.2s-26.6 11.7-26.6 26.2 11.9 26.2 26.6 26.2zm0-44.4c10.2 0 18.6 8.2 18.6 18.3s-8.3 18.3-18.6 18.3c-10.2 0-18.6-8.2-18.6-18.3s8.4-18.3 18.6-18.3z\"><\/path><\/svg>\n          <\/span>\n              <h3 class=\"u-align-center u-text u-text-10\">HOME+<\/h3>\n              <p class=\"u-text u-text-11\"><b>\n                  <font class=\"u-text-palette-1-light-1\">410,- K\u010d<\/font><\/b> m\u011bs\u00ed\u010dn\u011b v\u010detn\u011b DPH <br>Stahov\u00e1n\u00ed dat: <b>\n                  <font class=\"u-text-palette-1-light-1\">70 Mb\/s <\/font><\/b>\n                <br>Odes\u00edl\u00e1n\u00ed dat: <b>\n                  <font class=\"u-text-palette-1-light-1\">25 Mb\/s <\/font><\/b>\n                <br>Bez FUP <br>P\u0159ipojen\u00ed <font class=\"u-text-palette-1-light-1\"><b>zdarma <\/b>\n                <\/font>\n                <br>Wifi Router <b>\n                  <font class=\"u-text-palette-1-light-1\">Zdarma <\/font><\/b>\n                <br>vhodn\u00e9 pro IPTV\n              <\/p>\n            <\/div>\n          <\/div>\n          <div class=\"u-align-center u-container-style u-grey-10 u-list-item u-radius-13 u-repeater-item u-shape-round u-list-item-5\">\n            <div class=\"u-container-layout u-similar-container u-container-layout-7\"><span class=\"u-align-center u-icon u-icon-circle u-palette-1-base u-spacing-7 u-icon-5\" data-animation-name=\"fadeIn\" data-animation-duration=\"2000\" data-animation-delay=\"0\" data-animation-direction=\"\">\n            <svg class=\"u-svg-link\" preserveAspectRatio=\"xMidYMin slice\" viewBox=\"0 0 128 128\" style=\"\"><use xlink:href=\"#svg-7adb\"><\/use><\/svg>\n            <svg xmlns=\"http:\/\/www.w3.org\/2000\/svg\" xmlns:xlink=\"http:\/\/www.w3.org\/1999\/xlink\" version=\"1.1\" xml:space=\"preserve\" class=\"u-svg-content\" viewBox=\"0 0 128 128\" id=\"svg-7adb\"><path d=\"m117.4 76c1.5 0 2.7 1.2 2.7 2.7v38.7c0 1.5-1.2 2.7-2.7 2.7h-38.7c-1.5 0-2.7-1.2-2.7-2.7v-38.7c0-1.5 1.2-2.7 2.7-2.7h38.7m0-7.9h-38.7c-5.8 0-10.6 4.8-10.6 10.6v38.7c0 5.8 4.8 10.6 10.6 10.6h38.7c5.8 0 10.6-4.8 10.6-10.6v-38.7c0-5.8-4.8-10.6-10.6-10.6z\"><\/path><path d=\"m49.3 7.9c1.5 0 2.7 1.2 2.7 2.7v38.7c0 1.5-1.2 2.7-2.7 2.7h-38.7c-1.5 0-2.7-1.2-2.7-2.7v-38.7c0-1.5 1.2-2.7 2.7-2.7h38.7m0-7.9h-38.7c-5.8 0-10.6 4.8-10.6 10.6v38.7c0 5.8 4.8 10.6 10.6 10.6h38.7c5.8 0 10.6-4.8 10.6-10.6v-38.7c0-5.8-4.8-10.6-10.6-10.6z\"><\/path><path d=\"m90 7.9c0.7 0 1.4 0.3 1.9 0.8l27.4 27.4c1 1 1 2.7 0 3.8l-27.4 27.3c-0.5 0.5-1.2 0.8-1.9 0.8s-1.4-0.3-1.9-0.8l-27.3-27.3c-1-1-1-2.7 0-3.8l27.3-27.4c0.6-0.5 1.3-0.8 1.9-0.8m0-7.9c-2.8 0-5.5 1.1-7.5 3.1l-27.3 27.4c-2 2-3.1 4.7-3.1 7.5s1.1 5.5 3.1 7.5l27.4 27.4c2 2 4.7 3.1 7.5 3.1s5.5-1.1 7.5-3.1l27.4-27.4c2-2 3.1-4.7 3.1-7.5s-1.1-5.5-3.1-7.5l-27.5-27.4c-2-2-4.6-3.1-7.5-3.1z\"><\/path><path d=\"m49.3 76c1.5 0 2.7 1.2 2.7 2.7v38.7c0 1.5-1.2 2.7-2.7 2.7h-38.7c-1.5 0-2.7-1.2-2.7-2.7v-38.7c0-1.5 1.2-2.7 2.7-2.7h38.7m0-7.9h-38.7c-5.8 0-10.6 4.8-10.6 10.6v38.7c0 5.8 4.8 10.6 10.6 10.6h38.7c5.8 0 10.6-4.8 10.6-10.6v-38.7c0-5.8-4.8-10.6-10.6-10.6z\"><\/path><\/svg>\n          <\/span>\n              <h3 class=\"u-align-center u-text u-text-12\">PROFI<\/h3>\n              <p class=\"u-text u-text-13\"><b>\n                  <font class=\"u-text-palette-1-light-1\">495,- K\u010d <\/font><\/b>m\u011bs\u00ed\u010dn\u011b v\u010detn\u011b DPH <br>Stahov\u00e1n\u00ed dat: <b>\n                  <font class=\"u-text-palette-1-light-1\">60 Mb\/s <\/font><\/b>\n                <br>Odes\u00edl\u00e1n\u00ed dat: <b>\n                  <font class=\"u-text-palette-1-light-1\">60 Mb\/s <\/font><\/b>\n                <br>Bez FUP <br>P\u0159ipojen\u00ed <b>\n                  <font class=\"u-text-palette-1-light-1\">zdarma <\/font><\/b>\n                <br>Wifi Router <b>\n                  <font class=\"u-text-palette-1-light-1\">Zdarma<\/font><\/b>\n                <br>\n              <\/p>\n            <\/div>\n          <\/div>\n          <div class=\"u-align-center u-container-style u-grey-10 u-list-item u-radius-13 u-repeater-item u-shape-round u-list-item-6\">\n            <div class=\"u-container-layout u-similar-container u-container-layout-8\"><span class=\"u-align-center u-icon u-icon-circle u-palette-1-base u-spacing-7 u-icon-6\" data-animation-name=\"fadeIn\" data-animation-duration=\"2000\" data-animation-delay=\"0\" data-animation-direction=\"\">\n            <svg class=\"u-svg-link\" preserveAspectRatio=\"xMidYMin slice\" viewBox=\"0 0 128 128\" style=\"\"><use xlink:href=\"#svg-0309\"><\/use><\/svg>\n            <svg xmlns=\"http:\/\/www.w3.org\/2000\/svg\" xmlns:xlink=\"http:\/\/www.w3.org\/1999\/xlink\" version=\"1.1\" xml:space=\"preserve\" class=\"u-svg-content\" viewBox=\"0 0 128 128\" id=\"svg-0309\"><path d=\"m102.7 39.2c0.8 0 1.5 0.3 2.1 0.9l7.8 7.8c4.8 4.8 7.7 11.5 7.4 18.3-0.6 12.6-11 22.6-23.7 22.6h-29c-0.1 0-0.1-0.1-0.1-0.2 1.1-3 4.1-5.2 7.5-5.2h10.5c0.9 0 1.8-0.4 2.3-1.1 0.8-1.1 0.7-2.6-0.3-3.5l-24.9-24.8c-0.6-0.6-0.9-1.3-0.9-2.1s0.3-1.5 0.9-2.1 1.3-0.8 2.1-0.8 1.5 0.3 2.1 0.8l16.9 16.9c0.5 0.5 1.2 0.8 1.9 0.8s1.4-0.3 1.9-0.8 0.8-1.2 0.8-1.9-0.3-1.4-0.8-1.9l-6.7-6.7c-0.6-0.6-0.9-1.3-0.9-2.1s0.3-1.5 0.9-2.1 1.3-0.8 2.1-0.8 1.5 0.3 2.1 0.8l4 4c0.5 0.5 1.2 0.8 1.9 0.8s1.4-0.3 1.9-0.8 0.8-1.2 0.8-1.9-0.3-1.4-0.8-1.9l-2.7-2.7c-0.5-0.5-0.8-1.2-0.8-2s0.3-1.5 0.9-2.1 1.3-0.9 2.1-0.9 1.5 0.3 2.1 0.9l2.7 2.7c0.5 0.5 1.2 0.8 1.9 0.8s1.4-0.3 1.9-0.8 0.8-1.2 0.8-1.9-0.2-1.3-0.7-1.8c-0.8-0.9-1.2-2.1-0.8-3.3 0.5-1.3 1.6-1.9 2.8-1.9m0-8c-2.9 0-5.7 1.1-7.8 3.2-0.7 0.7-1.2 1.4-1.7 2.1 0 0-0.1 0.1-0.1 0-0.4 0-0.8-0.1-1.1-0.1-2.9 0-5.7 1.1-7.8 3.2-1 1-1.8 2.2-2.3 3.4 0 0 0 0.1-0.1 0.1-2.6 0.2-5.1 1.3-6.9 3.2l-0.2 0.2-2.5-2.5c-2-2-4.9-3.2-7.8-3.2s-5.7 1.1-7.8 3.2-3.2 4.9-3.2 7.8c0 3 1.2 5.7 3.2 7.8l15.8 15.8c0.1 0.1 0 0.2-0.1 0.2-5.8 0.8-10.8 4.8-12.8 10.5-1.9 5.2 2 10.7 7.5 10.7h29.1c8.5 0 16.4-3.3 22.4-9.3 6.1-6.1 9.4-14.3 9.3-23-0.1-8.4-3.8-16.4-9.8-22.4l-7.8-7.8c-1.8-2-4.6-3.1-7.5-3.1z\"><\/path><path d=\"m82.1 118c0 1.1-0.9 2-2 2h-70.2c-1.1 0-2-0.9-2-2v-108c0-1.1 0.9-2 2-2h70.1c1.1 0 2 0.9 2 2v16.9c0 2.2 1.8 4 4 4s4-1.8 4-4v-16.9c0-5.5-4.5-10-9.9-10h-70.2c-5.4 0-9.9 4.5-9.9 10v108c0 5.5 4.5 10 9.9 10h70.1c5.5 0 9.9-4.5 9.9-10v-10.6c0-2.2-1.8-4-4-4s-4 1.8-4 4v10.6z\"><\/path><\/svg>\n          <\/span>\n              <h3 class=\"u-align-center u-text u-text-14\">INDIVIDUAL<\/h3>\n              <p class=\"u-text u-text-15\">Smluvn\u00ed <b>\n                  <font class=\"u-text-palette-1-light-1\">cena dle kapacity<\/font><\/b> linky. <br><b>\n                  <font class=\"u-text-palette-1-light-1\">Pro firmy<\/font><\/b> a <b>\n                  <font class=\"u-text-palette-1-light-1\">velkoodb\u011bratele<\/font><\/b> je mo\u017enost <br>dohodnout kapacitu dlepot\u0159eby. <br>V p\u0159\u00edpad\u011b z\u00e1jmu o takovouto linku n\u00e1s pros\u00edm kontaktujte\n              <\/p>\n            <\/div>\n          <\/div>\n        <\/div>\n      <\/div>\n    <\/section>\n    <section class=\"u-clearfix u-section-3\" id=\"sec-7929\">\n      <div class=\"u-clearfix u-sheet u-valign-top-lg u-valign-top-sm u-valign-top-xl u-valign-top-xs u-sheet-1\">\n        <div class=\"u-clearfix u-expanded-width-lg u-expanded-width-sm u-expanded-width-xl u-expanded-width-xs u-gutter-0 u-layout-spacing-vertical u-layout-wrap u-layout-wrap-1\">\n          <div class=\"u-layout\">\n            <div class=\"u-layout-row\">\n              <div class=\"u-size-21 u-size-60-md\">\n                <div class=\"u-layout-row\">\n                  <div class=\"u-container-style u-hidden-md u-hidden-sm u-hidden-xs u-image u-layout-cell u-left-cell u-shading u-size-60 u-image-1\" src=\"\" data-image-width=\"1707\" data-image-height=\"2560\">\n                    <div class=\"u-container-layout u-container-layout-1\"><\/div>\n                  <\/div>\n                <\/div>\n              <\/div>\n              <div class=\"u-size-39 u-size-60-md\">\n                <div class=\"u-layout-col\">\n                  <div class=\"u-size-40\">\n                    <div class=\"u-layout-row\">\n                      <div class=\"u-align-left u-container-style u-layout-cell u-right-cell u-size-60 u-layout-cell-2\">\n                        <div class=\"u-container-layout u-container-layout-2\">\n                          <h3 class=\"u-text u-text-palette-1-dark-2 u-text-1\">O N\u00e1s<\/h3>\n                        <\/div>\n                      <\/div>\n                    <\/div>\n                  <\/div>\n                  <div class=\"u-size-20\">\n                    <div class=\"u-layout-row\">\n                      <div class=\"u-align-left u-container-style u-layout-cell u-size-32 u-layout-cell-3\">\n                        <div class=\"u-container-layout u-valign-bottom-sm u-valign-bottom-xs u-container-layout-3\">\n                          <p class=\"u-text u-text-palette-1-dark-1 u-text-2\">BEZDRATOV\u00dd INTERNET<\/p>\n                          <p class=\"u-text u-text-3\">Na\u0161e firma se zab\u00fdv\u00e1 poskytov\u00e1n\u00ed <b>\n                              <font class=\"u-text-palette-1-light-1\">bezdr\u00e1tov\u00e9ho internetu ve V\u00fdchodn\u00edch \u010cech\u00e1ch<\/font><\/b>.\nV lokalit\u011b: Hradce Kr\u00e1lov\u00e9, Smi\u0159ice, Holohlavy, \u010cerno\u017eice, Vlkov, Hubiles, Raso\u0161ky, Smr\u017eov, Lej\u0161ovka, Nov\u00fd Ples, Semonice, Josefov,Jarom\u011b\u0159, Jezbiny, Ro\u017enov, Hab\u0159ina, M\u00e1slojedy, Ho\u0159\u00edn\u011bves, Vrchovnice, \u017delkovice, \u017d\u00ed\u017eeleves, Cerekvice nad Byst\u0159ic\u00ed, Hn\u011bv\u010deves, Sov\u011btice, Sadov\u00e1, Horn\u00ed \u010cern\u016ftky, Doln\u00ed \u010cern\u016ftky, Rtyn\u011b...<br>Nab\u00edz\u00edme V\u00e1m <font class=\"u-text-palette-1-light-1\"><b>rychl\u00e9 a modern\u00ed p\u0159ipojen\u00ed k internetu<\/b>\n                            <\/font> s technologi\u00ed na frekvenci 5 Ghz,10 Ghz. Jste-li u\u017e p\u0159ipojeni u n\u011bkter\u00e9ho jin\u00e9ho poskytovatele, nebo teprve p\u0159em\u00fd\u0161l\u00edte o nov\u00e9m p\u0159ipojen\u00ed, nev\u00e1hejte a pod\u00edvejte se na na\u0161e nab\u00edzen\u00e9 tarify, ur\u010dit\u011b si vyberete<br>\n                            <br>Rychlost dle lokality.<br>\n                          <\/p>\n                        <\/div>\n                      <\/div>\n                      <div class=\"u-align-left u-container-style u-layout-cell u-right-cell u-size-28 u-layout-cell-4\">\n                        <div class=\"u-container-layout u-container-layout-4\">\n                          <p class=\"u-text u-text-default u-text-palette-1-dark-1 u-text-4\">V\u00ddHODY<\/p>\n                          <p class=\"u-text u-text-5\">-Trval\u00e9 p\u0159ipojen\u00ed<font class=\"u-text-palette-1-light-1\"><b> bez omezen\u00ed<\/b>\n                            <\/font> p\u0159enosu dat&nbsp;<br>-P\u0159enosov\u00e1 rychlost dle zvolen\u00e9ho tarifu&nbsp;<br>-Pau\u0161\u00e1l <b>\n                              <font class=\"u-text-palette-1-light-1\">od 170K\u010d m\u011bs\u00ed\u010dn\u011b<\/font><\/b>\n                            <br>-Bez agregace a FUP&nbsp;<br>-\u0160irok\u00e1 nab\u00eddka tarif\u016f a slu\u017eeb&nbsp;<br>-Pou\u017eit\u00ed<b>\n                              <font class=\"u-text-palette-1-light-1\"> kvalitn\u00ed<\/font><\/b> bezdr\u00e1tov\u00e9 technologie&nbsp;<br>-Z\u0159izovac\u00ed poplatek od <font class=\"u-text-palette-1-light-1\"><b>0.-K\u010d<\/b>\n                            <\/font>&nbsp;<br>-Ov\u011b\u0159en\u00ed dostupnosti<font class=\"u-text-palette-1-dark-1\">\n                              <font class=\"u-text-palette-1-light-1\"><b>zdarma<\/b>\n                              <\/font>\n                            <\/font>\n                            <font class=\"u-text-palette-1-light-1\">&nbsp;<\/font>\n                            <br>-Dlouholet\u00e9 zku\u0161enosti v oboru\n                          <\/p>\n                          <a href=\"https:\/\/www.m-site.cz\/?page_id=174\" class=\"u-active-none u-border-2 u-border-palette-1-base u-btn u-btn-rectangle u-button-style u-hover-none u-none u-btn-1\">PARAMETRY SLU\u017dBY<\/a>\n                        <\/div>\n                      <\/div>\n                    <\/div>\n                  <\/div>\n                <\/div>\n              <\/div>\n            <\/div>\n          <\/div>\n        <\/div>\n        <div class=\"u-clearfix u-expanded-width u-layout-wrap u-layout-wrap-2\">\n          <div class=\"u-layout\">\n            <div class=\"u-layout-row\">\n              <div class=\"u-container-style u-layout-cell u-size-20 u-layout-cell-5\">\n                <div class=\"u-container-layout u-container-layout-5\"><\/div>\n              <\/div>\n              <div class=\"u-container-style u-layout-cell u-size-20 u-layout-cell-6\">\n                <div class=\"u-container-layout u-container-layout-6\"><\/div>\n              <\/div>\n              <div class=\"u-container-style u-layout-cell u-size-20 u-layout-cell-7\">\n                <div class=\"u-container-layout u-container-layout-7\"><\/div>\n              <\/div>\n            <\/div>\n          <\/div>\n        <\/div>\n      <\/div>\n    <\/section>\n    \n    \n    \n  \n","protected":false},"excerpt":{"rendered":"<p>M-SITE BEZDR\u00c1TOV\u00dd INTERNET BEZ OMEZEN\u00cd kontakt MINI 170,- K\u010d m\u011bs\u00ed\u010dn\u011b v\u010detn\u011b DPH Stahov\u00e1n\u00ed dat: 3 Mb\/s Odes\u00edl\u00e1n\u00ed dat: 0,5 kb\/s Bez FUP Cena instalace od: 1300K\u010d START 260,- K\u010d m\u011bs\u00ed\u010dn\u011b v\u010detn\u011b DPH Stahov\u00e1n\u00ed dat: 6 Mb\/s Odes\u00edl\u00e1n\u00ed dat:1 Mb\/s Bez FUP P\u0159ipojen\u00ed zdarma HOME 330,- K\u010d m\u011bs\u00ed\u010dn\u011b v\u010detn\u011b DPH Stahov\u00e1n\u00ed dat: 12 Mb\/s Odes\u00edl\u00e1n\u00ed dat: &hellip; <a href=\"https:\/\/www.m-site.cz\/\" class=\"more-link\">Continue reading<span class=\"screen-reader-text\"> &#8222;home&#8220;<\/span><\/a><\/p>\n","protected":false},"author":1,"featured_media":0,"parent":0,"menu_order":2,"comment_status":"closed","ping_status":"closed","template":"","meta":{"footnotes":""},"class_list":["post-24","page","type-page","status-publish","hentry"],"_links":{"self":[{"href":"https:\/\/www.m-site.cz\/index.php?rest_route=\/wp\/v2\/pages\/24","targetHints":{"allow":["GET"]}}],"collection":[{"href":"https:\/\/www.m-site.cz\/index.php?rest_route=\/wp\/v2\/pages"}],"about":[{"href":"https:\/\/www.m-site.cz\/index.php?rest_route=\/wp\/v2\/types\/page"}],"author":[{"embeddable":true,"href":"https:\/\/www.m-site.cz\/index.php?rest_route=\/wp\/v2\/users\/1"}],"replies":[{"embeddable":true,"href":"https:\/\/www.m-site.cz\/index.php?rest_route=%2Fwp%2Fv2%2Fcomments&post=24"}],"version-history":[{"count":14,"href":"https:\/\/www.m-site.cz\/index.php?rest_route=\/wp\/v2\/pages\/24\/revisions"}],"predecessor-version":[{"id":214,"href":"https:\/\/www.m-site.cz\/index.php?rest_route=\/wp\/v2\/pages\/24\/revisions\/214"}],"wp:attachment":[{"href":"https:\/\/www.m-site.cz\/index.php?rest_route=%2Fwp%2Fv2%2Fmedia&parent=24"}],"curies":[{"name":"wp","href":"https:\/\/api.w.org\/{rel}","templated":true}]}}