{"id":25,"date":"2021-08-25T20:24:42","date_gmt":"2021-08-25T18:24:42","guid":{"rendered":"https:\/\/www.m-site.cz\/?page_id=25"},"modified":"2023-06-02T14:37:22","modified_gmt":"2023-06-02T12:37:22","slug":"o-nas","status":"publish","type":"page","link":"https:\/\/www.m-site.cz\/?page_id=25","title":{"rendered":"slu\u017eby"},"content":{"rendered":"\n    \n    <section class=\"u-clearfix u-section-2\" id=\"sec-fa57\">\n      <div class=\"u-clearfix u-sheet u-valign-middle-sm u-sheet-1\">\n        <h3 class=\"u-text u-text-default u-text-palette-1-dark-1 u-text-1\">M-SITE<\/h3>\n        <h3 class=\"u-text u-text-custom-color-8 u-text-2\">BEZDR\u00c1TOV\u00c9 P\u0158IPOJEN\u00cd<\/h3>\n        <div class=\"u-expanded-width u-list u-repeater u-list-1\">\n          <div class=\"u-container-style u-list-item u-radius-20 u-repeater-item u-shape-round u-list-item-1\">\n            <div class=\"u-container-layout u-similar-container u-container-layout-1\"><span class=\"u-align-center u-custom-color-9 u-icon u-icon-circle u-spacing-10 u-icon-1\" data-animation-name=\"fadeIn\" data-animation-duration=\"1000\" data-animation-delay=\"0\"><svg class=\"u-svg-link\" preserveAspectRatio=\"xMidYMin slice\" viewBox=\"0 0 56 56\" style=\"\"><use xlink:href=\"#svg-a3d3\"><\/use><\/svg><svg xmlns=\"http:\/\/www.w3.org\/2000\/svg\" xmlns:xlink=\"http:\/\/www.w3.org\/1999\/xlink\" version=\"1.1\" xml:space=\"preserve\" class=\"u-svg-content\" viewBox=\"0 0 56 56\" x=\"0px\" y=\"0px\" id=\"svg-a3d3\" style=\"enable-background:new 0 0 56 56;\"><path d=\"M25,46H10.845C4.865,46,0,41.135,0,35.154C0,31,2.705,26.688,6.433,24.901L7,24.63V24c0-0.127,0.008-0.256,0.015-0.386\n\tl0.009-0.16l-0.012-0.21C7.006,23.163,7,23.082,7,23c0-3.859,3.141-7,7-7c0.309,0,0.614,0.027,0.917,0.067\n\tc0.078,0.01,0.156,0.023,0.233,0.036c0.267,0.044,0.53,0.102,0.789,0.177c0.035,0.01,0.071,0.017,0.106,0.027\n\tc0.285,0.087,0.563,0.197,0.835,0.321c0.071,0.032,0.14,0.067,0.21,0.101c0.24,0.119,0.475,0.249,0.702,0.396\n\tC19.719,18.373,21,20.538,21,23c0,0.553,0.447,1,1,1s1-0.447,1-1c0-2.754-1.246-5.219-3.2-6.871C22.667,12.379,27.388,10,32.085,10\n\tc7.745,0,14.177,6.135,14.848,13.888c-1.022-0.072-2.552-0.109-4.083,0.124c-0.546,0.083-0.921,0.593-0.838,1.139\n\tc0.075,0.495,0.501,0.85,0.987,0.85c0.05,0,0.101-0.004,0.151-0.012c2.227-0.337,4.548-0.021,4.684-0.002\n\tC52.49,26.872,56,31.161,56,35.972C56,41.501,51.501,46,45.972,46H33H25z\"><\/path><\/svg><\/span>\n              <h3 class=\"u-align-center u-text u-text-3\">MINI<\/h3>\n              <p class=\"u-align-center u-text u-text-default u-text-4\"><b>\n                  <font class=\"u-text-custom-color-9\" style=\"font-size: 1.125rem;\">170,- K\u010d<\/font><\/b>&nbsp;m\u011bs\u00ed\u010dn\u011b v\u010detn\u011b DPH<br>Stahov\u00e1n\u00ed dat:<font class=\"u-text-custom-color-8\">&nbsp;<b>3 Mb\/s<\/b>\n                <\/font>\n                <br>Odes\u00edl\u00e1n\u00ed dat:&nbsp;<b>\n                  <font class=\"u-text-custom-color-8\">0,5 kb\/s<\/font><\/b>\n                <br>Bez FUP<br>Cena instalace od: 1300K\u010d\n              <\/p>\n            <\/div>\n          <\/div>\n          <div class=\"u-container-style u-list-item u-radius-20 u-repeater-item u-shape-round u-list-item-2\">\n            <div class=\"u-container-layout u-similar-container u-container-layout-2\"><span class=\"u-align-center u-custom-color-9 u-icon u-icon-circle u-spacing-10 u-icon-2\" data-animation-name=\"fadeIn\" data-animation-duration=\"1000\" data-animation-delay=\"0\"><svg class=\"u-svg-link\" preserveAspectRatio=\"xMidYMin slice\" viewBox=\"0 0 56 56\" style=\"\"><use xlink:href=\"#svg-a3d3\"><\/use><\/svg><svg xmlns=\"http:\/\/www.w3.org\/2000\/svg\" xmlns:xlink=\"http:\/\/www.w3.org\/1999\/xlink\" version=\"1.1\" xml:space=\"preserve\" class=\"u-svg-content\" viewBox=\"0 0 56 56\" x=\"0px\" y=\"0px\" id=\"svg-a3d3\" style=\"enable-background:new 0 0 56 56;\"><path d=\"M25,46H10.845C4.865,46,0,41.135,0,35.154C0,31,2.705,26.688,6.433,24.901L7,24.63V24c0-0.127,0.008-0.256,0.015-0.386\n\tl0.009-0.16l-0.012-0.21C7.006,23.163,7,23.082,7,23c0-3.859,3.141-7,7-7c0.309,0,0.614,0.027,0.917,0.067\n\tc0.078,0.01,0.156,0.023,0.233,0.036c0.267,0.044,0.53,0.102,0.789,0.177c0.035,0.01,0.071,0.017,0.106,0.027\n\tc0.285,0.087,0.563,0.197,0.835,0.321c0.071,0.032,0.14,0.067,0.21,0.101c0.24,0.119,0.475,0.249,0.702,0.396\n\tC19.719,18.373,21,20.538,21,23c0,0.553,0.447,1,1,1s1-0.447,1-1c0-2.754-1.246-5.219-3.2-6.871C22.667,12.379,27.388,10,32.085,10\n\tc7.745,0,14.177,6.135,14.848,13.888c-1.022-0.072-2.552-0.109-4.083,0.124c-0.546,0.083-0.921,0.593-0.838,1.139\n\tc0.075,0.495,0.501,0.85,0.987,0.85c0.05,0,0.101-0.004,0.151-0.012c2.227-0.337,4.548-0.021,4.684-0.002\n\tC52.49,26.872,56,31.161,56,35.972C56,41.501,51.501,46,45.972,46H33H25z\"><\/path><\/svg><\/span>\n              <h3 class=\"u-align-center u-text u-text-5\">START<\/h3>\n              <p class=\"u-align-center u-text u-text-default u-text-6\"><b style=\"\">\n                  <font class=\"u-text-custom-color-9\" style=\"font-size: 1.25rem;\">260,- K\u010d<\/font><\/b>&nbsp;m\u011bs\u00ed\u010dn\u011b v\u010detn\u011b DPH<br>Stahov\u00e1n\u00ed dat:&nbsp;<b>\n                  <font class=\"u-text-custom-color-8\">6 Mb\/s<\/font><\/b>\n                <br>Odes\u00edl\u00e1n\u00ed dat:<b>\n                  <font class=\"u-text-custom-color-8\">1 Mb\/s<\/font><\/b>\n                <br>Bez FUP<br>P\u0159ipojen\u00ed&nbsp;<b>\n                  <font class=\"u-text-custom-color-8\">zdarma<\/font><\/b>\n              <\/p>\n            <\/div>\n          <\/div>\n          <div class=\"u-container-style u-custom-background u-list-item u-palette-1-light-3 u-radius-20 u-repeater-item u-shape-round u-list-item-3\">\n            <div class=\"u-container-layout u-similar-container u-container-layout-3\"><span class=\"u-align-center u-custom-color-9 u-icon u-icon-circle u-spacing-10 u-icon-3\" data-animation-name=\"fadeIn\" data-animation-duration=\"1000\" data-animation-delay=\"0\"><svg class=\"u-svg-link\" preserveAspectRatio=\"xMidYMin slice\" viewBox=\"0 0 56 56\" style=\"\"><use xlink:href=\"#svg-a3d3\"><\/use><\/svg><svg xmlns=\"http:\/\/www.w3.org\/2000\/svg\" xmlns:xlink=\"http:\/\/www.w3.org\/1999\/xlink\" version=\"1.1\" xml:space=\"preserve\" class=\"u-svg-content\" viewBox=\"0 0 56 56\" x=\"0px\" y=\"0px\" id=\"svg-a3d3\" style=\"enable-background:new 0 0 56 56;\"><path d=\"M25,46H10.845C4.865,46,0,41.135,0,35.154C0,31,2.705,26.688,6.433,24.901L7,24.63V24c0-0.127,0.008-0.256,0.015-0.386\n\tl0.009-0.16l-0.012-0.21C7.006,23.163,7,23.082,7,23c0-3.859,3.141-7,7-7c0.309,0,0.614,0.027,0.917,0.067\n\tc0.078,0.01,0.156,0.023,0.233,0.036c0.267,0.044,0.53,0.102,0.789,0.177c0.035,0.01,0.071,0.017,0.106,0.027\n\tc0.285,0.087,0.563,0.197,0.835,0.321c0.071,0.032,0.14,0.067,0.21,0.101c0.24,0.119,0.475,0.249,0.702,0.396\n\tC19.719,18.373,21,20.538,21,23c0,0.553,0.447,1,1,1s1-0.447,1-1c0-2.754-1.246-5.219-3.2-6.871C22.667,12.379,27.388,10,32.085,10\n\tc7.745,0,14.177,6.135,14.848,13.888c-1.022-0.072-2.552-0.109-4.083,0.124c-0.546,0.083-0.921,0.593-0.838,1.139\n\tc0.075,0.495,0.501,0.85,0.987,0.85c0.05,0,0.101-0.004,0.151-0.012c2.227-0.337,4.548-0.021,4.684-0.002\n\tC52.49,26.872,56,31.161,56,35.972C56,41.501,51.501,46,45.972,46H33H25z\"><\/path><\/svg><\/span>\n              <h3 class=\"u-align-center u-text u-text-7\">HOME<\/h3>\n              <p class=\"u-align-center u-text u-text-default u-text-8\"><b>\n                  <font class=\"u-text-custom-color-9\" style=\"font-size: 1.125rem;\">330,- K\u010d<\/font><\/b>&nbsp;m\u011bs\u00ed\u010dn\u011b v\u010detn\u011b DPH<br>Stahov\u00e1n\u00ed dat:&nbsp;<b>\n                  <font class=\"u-text-custom-color-8\">12 Mb\/s<\/font><\/b>\n                <br>Odes\u00edl\u00e1n\u00ed dat:&nbsp;<b>\n                  <font class=\"u-text-custom-color-8\">2 Mb\/s<\/font><\/b>\n                <br>Bez FUP<br>P\u0159ipojen\u00ed&nbsp;<b>\n                  <font class=\"u-text-custom-color-8\">zdarma<\/font><\/b>\n                <br>vhodn\u00e9 pro IPTV\n              <\/p>\n            <\/div>\n          <\/div>\n          <div class=\"u-container-style u-list-item u-radius-20 u-repeater-item u-shape-round u-list-item-4\">\n            <div class=\"u-container-layout u-similar-container u-container-layout-4\"><span class=\"u-align-center u-custom-color-9 u-icon u-icon-circle u-spacing-10 u-icon-4\" data-animation-name=\"fadeIn\" data-animation-duration=\"1000\" data-animation-delay=\"0\"><svg class=\"u-svg-link\" preserveAspectRatio=\"xMidYMin slice\" viewBox=\"0 0 56 56\" style=\"\"><use xlink:href=\"#svg-a3d3\"><\/use><\/svg><svg xmlns=\"http:\/\/www.w3.org\/2000\/svg\" xmlns:xlink=\"http:\/\/www.w3.org\/1999\/xlink\" version=\"1.1\" xml:space=\"preserve\" class=\"u-svg-content\" viewBox=\"0 0 56 56\" x=\"0px\" y=\"0px\" id=\"svg-a3d3\" style=\"enable-background:new 0 0 56 56;\"><path d=\"M25,46H10.845C4.865,46,0,41.135,0,35.154C0,31,2.705,26.688,6.433,24.901L7,24.63V24c0-0.127,0.008-0.256,0.015-0.386\n\tl0.009-0.16l-0.012-0.21C7.006,23.163,7,23.082,7,23c0-3.859,3.141-7,7-7c0.309,0,0.614,0.027,0.917,0.067\n\tc0.078,0.01,0.156,0.023,0.233,0.036c0.267,0.044,0.53,0.102,0.789,0.177c0.035,0.01,0.071,0.017,0.106,0.027\n\tc0.285,0.087,0.563,0.197,0.835,0.321c0.071,0.032,0.14,0.067,0.21,0.101c0.24,0.119,0.475,0.249,0.702,0.396\n\tC19.719,18.373,21,20.538,21,23c0,0.553,0.447,1,1,1s1-0.447,1-1c0-2.754-1.246-5.219-3.2-6.871C22.667,12.379,27.388,10,32.085,10\n\tc7.745,0,14.177,6.135,14.848,13.888c-1.022-0.072-2.552-0.109-4.083,0.124c-0.546,0.083-0.921,0.593-0.838,1.139\n\tc0.075,0.495,0.501,0.85,0.987,0.85c0.05,0,0.101-0.004,0.151-0.012c2.227-0.337,4.548-0.021,4.684-0.002\n\tC52.49,26.872,56,31.161,56,35.972C56,41.501,51.501,46,45.972,46H33H25z\"><\/path><\/svg><\/span>\n              <h3 class=\"u-align-center u-text u-text-9\">HOME+<\/h3>\n              <p class=\"u-align-center u-text u-text-default u-text-10\"><b style=\"\">\n                  <font class=\"u-text-custom-color-9\" style=\"font-size: 1.125rem;\">410,- K\u010d<\/font><\/b>&nbsp;m\u011bs\u00ed\u010dn\u011b v\u010detn\u011b DPH<br>Stahov\u00e1n\u00ed dat:&nbsp;<b>\n                  <font class=\"u-text-custom-color-8\">70 Mb\/s<\/font><\/b>\n                <br>Odes\u00edl\u00e1n\u00ed dat:&nbsp;<b>\n                  <font class=\"u-text-custom-color-8\">25 Mb\/s<\/font><\/b>\n                <br>Bez FUP<br>P\u0159ipojen\u00ed&nbsp;<b>\n                  <font class=\"u-text-custom-color-8\">zdarma<\/font><\/b>\n                <br>Wifi Router<font class=\"u-text-custom-color-8\">&nbsp;<b>Zdarma<\/b>\n                <\/font>\n                <br>vhodn\u00e9 pro IPTV\n              <\/p>\n            <\/div>\n          <\/div>\n          <div class=\"u-container-style u-list-item u-radius-20 u-repeater-item u-shape-round u-list-item-5\">\n            <div class=\"u-container-layout u-similar-container u-container-layout-5\"><span class=\"u-align-center u-custom-color-9 u-icon u-icon-circle u-spacing-10 u-icon-5\" data-animation-name=\"fadeIn\" data-animation-duration=\"1000\" data-animation-delay=\"0\"><svg class=\"u-svg-link\" preserveAspectRatio=\"xMidYMin slice\" viewBox=\"0 0 56 56\" style=\"\"><use xlink:href=\"#svg-a3d3\"><\/use><\/svg><svg xmlns=\"http:\/\/www.w3.org\/2000\/svg\" xmlns:xlink=\"http:\/\/www.w3.org\/1999\/xlink\" version=\"1.1\" xml:space=\"preserve\" class=\"u-svg-content\" viewBox=\"0 0 56 56\" x=\"0px\" y=\"0px\" id=\"svg-a3d3\" style=\"enable-background:new 0 0 56 56;\"><path d=\"M25,46H10.845C4.865,46,0,41.135,0,35.154C0,31,2.705,26.688,6.433,24.901L7,24.63V24c0-0.127,0.008-0.256,0.015-0.386\n\tl0.009-0.16l-0.012-0.21C7.006,23.163,7,23.082,7,23c0-3.859,3.141-7,7-7c0.309,0,0.614,0.027,0.917,0.067\n\tc0.078,0.01,0.156,0.023,0.233,0.036c0.267,0.044,0.53,0.102,0.789,0.177c0.035,0.01,0.071,0.017,0.106,0.027\n\tc0.285,0.087,0.563,0.197,0.835,0.321c0.071,0.032,0.14,0.067,0.21,0.101c0.24,0.119,0.475,0.249,0.702,0.396\n\tC19.719,18.373,21,20.538,21,23c0,0.553,0.447,1,1,1s1-0.447,1-1c0-2.754-1.246-5.219-3.2-6.871C22.667,12.379,27.388,10,32.085,10\n\tc7.745,0,14.177,6.135,14.848,13.888c-1.022-0.072-2.552-0.109-4.083,0.124c-0.546,0.083-0.921,0.593-0.838,1.139\n\tc0.075,0.495,0.501,0.85,0.987,0.85c0.05,0,0.101-0.004,0.151-0.012c2.227-0.337,4.548-0.021,4.684-0.002\n\tC52.49,26.872,56,31.161,56,35.972C56,41.501,51.501,46,45.972,46H33H25z\"><\/path><\/svg><\/span>\n              <h3 class=\"u-align-center u-text u-text-11\">PROFI<\/h3>\n              <p class=\"u-align-center u-text u-text-default u-text-12\"><b>\n                  <font class=\"u-text-custom-color-8\">\n                    <font style=\"font-size: 1.125rem;\" class=\"u-text-custom-color-9\">495,- K\u010d<\/font>&nbsp;\n                  <\/font><\/b>m\u011bs\u00ed\u010dn\u011b v\u010detn\u011b DPH<br>Stahov\u00e1n\u00ed dat:<font class=\"u-text-custom-color-8\">&nbsp;<b>60 Mb\/s<\/b>\n                <\/font>\n                <br>Odes\u00edl\u00e1n\u00ed dat:&nbsp;<b>\n                  <font class=\"u-text-custom-color-8\">60 Mb\/s<\/font><\/b>\n                <br>Bez FUP<br>P\u0159ipojen\u00ed&nbsp;<b>\n                  <font class=\"u-text-custom-color-8\">zdarma<\/font><\/b>\n                <br>Wifi Router&nbsp;<b>\n                  <font class=\"u-text-custom-color-8\">Zdarma<\/font><\/b>\n              <\/p>\n            <\/div>\n          <\/div>\n          <div class=\"u-container-style u-list-item u-radius-20 u-repeater-item u-shape-round u-list-item-6\">\n            <div class=\"u-container-layout u-similar-container u-container-layout-6\"><span class=\"u-align-center u-custom-color-9 u-icon u-icon-circle u-spacing-10 u-icon-6\" data-animation-name=\"fadeIn\" data-animation-duration=\"1000\" data-animation-delay=\"0\"><svg class=\"u-svg-link\" preserveAspectRatio=\"xMidYMin slice\" viewBox=\"0 0 56 56\" style=\"\"><use xlink:href=\"#svg-a3d3\"><\/use><\/svg><svg xmlns=\"http:\/\/www.w3.org\/2000\/svg\" xmlns:xlink=\"http:\/\/www.w3.org\/1999\/xlink\" version=\"1.1\" xml:space=\"preserve\" class=\"u-svg-content\" viewBox=\"0 0 56 56\" x=\"0px\" y=\"0px\" id=\"svg-a3d3\" style=\"enable-background:new 0 0 56 56;\"><path d=\"M25,46H10.845C4.865,46,0,41.135,0,35.154C0,31,2.705,26.688,6.433,24.901L7,24.63V24c0-0.127,0.008-0.256,0.015-0.386\n\tl0.009-0.16l-0.012-0.21C7.006,23.163,7,23.082,7,23c0-3.859,3.141-7,7-7c0.309,0,0.614,0.027,0.917,0.067\n\tc0.078,0.01,0.156,0.023,0.233,0.036c0.267,0.044,0.53,0.102,0.789,0.177c0.035,0.01,0.071,0.017,0.106,0.027\n\tc0.285,0.087,0.563,0.197,0.835,0.321c0.071,0.032,0.14,0.067,0.21,0.101c0.24,0.119,0.475,0.249,0.702,0.396\n\tC19.719,18.373,21,20.538,21,23c0,0.553,0.447,1,1,1s1-0.447,1-1c0-2.754-1.246-5.219-3.2-6.871C22.667,12.379,27.388,10,32.085,10\n\tc7.745,0,14.177,6.135,14.848,13.888c-1.022-0.072-2.552-0.109-4.083,0.124c-0.546,0.083-0.921,0.593-0.838,1.139\n\tc0.075,0.495,0.501,0.85,0.987,0.85c0.05,0,0.101-0.004,0.151-0.012c2.227-0.337,4.548-0.021,4.684-0.002\n\tC52.49,26.872,56,31.161,56,35.972C56,41.501,51.501,46,45.972,46H33H25z\"><\/path><\/svg><\/span>\n              <h3 class=\"u-align-center u-text u-text-13\">INDIVIDUAL<\/h3>\n              <p class=\"u-align-center u-text u-text-default u-text-14\">Smluvn\u00ed<font class=\"u-text-custom-color-8\">&nbsp;<b>cena dle kapacity<\/b>\n                <\/font>&nbsp;linky.<br><b>\n                  <font class=\"u-text-custom-color-8\">Pro firmy<\/font><\/b>&nbsp;a&nbsp;<b>\n                  <font class=\"u-text-custom-color-8\">velkoodb\u011bratele<\/font><\/b>&nbsp;je mo\u017enost<br>dohodnout kapacitu dlepot\u0159eby.<br>V p\u0159\u00edpad\u011b z\u00e1jmu o takovouto linku n\u00e1s pros\u00edm kontaktujte\n              <\/p>\n            <\/div>\n          <\/div>\n        <\/div>\n      <\/div>\n    <\/section>\n    <section class=\"u-clearfix u-section-3\" id=\"sec-cb6b\">\n      <div class=\"u-clearfix u-sheet u-sheet-1\"><\/div>\n    <\/section>\n    \n    \n    \n  \n","protected":false},"excerpt":{"rendered":"<p>M-SITE BEZDR\u00c1TOV\u00c9 P\u0158IPOJEN\u00cd MINI 170,- K\u010d&nbsp;m\u011bs\u00ed\u010dn\u011b v\u010detn\u011b DPHStahov\u00e1n\u00ed dat:&nbsp;3 Mb\/s Odes\u00edl\u00e1n\u00ed dat:&nbsp; 0,5 kb\/s Bez FUPCena instalace od: 1300K\u010d START 260,- K\u010d&nbsp;m\u011bs\u00ed\u010dn\u011b v\u010detn\u011b DPHStahov\u00e1n\u00ed dat:&nbsp; 6 Mb\/s Odes\u00edl\u00e1n\u00ed dat: 1 Mb\/s Bez FUPP\u0159ipojen\u00ed&nbsp; zdarma HOME 330,- K\u010d&nbsp;m\u011bs\u00ed\u010dn\u011b v\u010detn\u011b DPHStahov\u00e1n\u00ed dat:&nbsp; 12 Mb\/s Odes\u00edl\u00e1n\u00ed dat:&nbsp; 2 Mb\/s Bez FUPP\u0159ipojen\u00ed&nbsp; zdarma vhodn\u00e9 pro IPTV HOME+ 410,- K\u010d&nbsp;m\u011bs\u00ed\u010dn\u011b &hellip; <a href=\"https:\/\/www.m-site.cz\/?page_id=25\" class=\"more-link\">Continue reading<span class=\"screen-reader-text\"> &#8222;slu\u017eby&#8220;<\/span><\/a><\/p>\n","protected":false},"author":1,"featured_media":0,"parent":0,"menu_order":3,"comment_status":"closed","ping_status":"closed","template":"","meta":{"footnotes":""},"class_list":["post-25","page","type-page","status-publish","hentry"],"_links":{"self":[{"href":"https:\/\/www.m-site.cz\/index.php?rest_route=\/wp\/v2\/pages\/25","targetHints":{"allow":["GET"]}}],"collection":[{"href":"https:\/\/www.m-site.cz\/index.php?rest_route=\/wp\/v2\/pages"}],"about":[{"href":"https:\/\/www.m-site.cz\/index.php?rest_route=\/wp\/v2\/types\/page"}],"author":[{"embeddable":true,"href":"https:\/\/www.m-site.cz\/index.php?rest_route=\/wp\/v2\/users\/1"}],"replies":[{"embeddable":true,"href":"https:\/\/www.m-site.cz\/index.php?rest_route=%2Fwp%2Fv2%2Fcomments&post=25"}],"version-history":[{"count":12,"href":"https:\/\/www.m-site.cz\/index.php?rest_route=\/wp\/v2\/pages\/25\/revisions"}],"predecessor-version":[{"id":254,"href":"https:\/\/www.m-site.cz\/index.php?rest_route=\/wp\/v2\/pages\/25\/revisions\/254"}],"wp:attachment":[{"href":"https:\/\/www.m-site.cz\/index.php?rest_route=%2Fwp%2Fv2%2Fmedia&parent=25"}],"curies":[{"name":"wp","href":"https:\/\/api.w.org\/{rel}","templated":true}]}}